{"id":22,"date":"2015-02-19T10:08:20","date_gmt":"2015-02-19T10:08:20","guid":{"rendered":"http:\/\/lgu.u-paris10.fr\/test\/?page_id=22"},"modified":"2026-03-22T16:36:25","modified_gmt":"2026-03-22T16:36:25","slug":"articles","status":"publish","type":"page","link":"https:\/\/lgu.parisnanterre.fr\/?page_id=22","title":{"rendered":"Articles"},"content":{"rendered":"<div align=\"justify\">\n<p style=\"text-align: left;\"><a href=\"http:\/\/lgu.parisnanterre.fr\/wp-content\/uploads\/2026\/03\/Peixoto-Metropolitiques-burgel-dormois.pdf\"><em><strong>Le renouvellement des quartiers populaires en mal d\u2019ancrage loca<\/strong><\/em><\/a><em><strong>l<\/strong><\/em>, <a href=\"https:\/\/metropolitiques.eu\/Le-renouvellement-des-quartiers-populaires-en-mal-d-ancrage-local.html\">M\u00e9tropolitiques<\/a>, 9 mars 2026 par Guy Burgel et R\u00e9mi Dormois<\/p>\n<p style=\"text-align: left;\"><em><strong><a href=\"https:\/\/lgu.parisnanterre.fr\/wp-content\/uploads\/2024\/11\/101-113-article-6-BURGEL-def.pdf\">Crises urbaines et alterm\u00e9tropolisations (Urban crises and altermetropolizations)<\/a><\/strong><\/em>, <a href=\"https:\/\/journals.openedition.org\/bagf\/12378\">Le Bulletin de l\u2019Association de g\u00e9ographes fran\u00e7ais<\/a>, 2024 par Guy Burgel I <a href=\"https:\/\/lgu.parisnanterre.fr\/wp-content\/uploads\/2025\/01\/Montigny-Burgel-BAGF-101-1-14-12-24.pdf\">Remarques de Gilles Montigny et r\u00e9ponses de Guy Burgel<\/a><\/p>\n<p><strong><em><a href=\"https:\/\/lgu.parisnanterre.fr\/wp-content\/uploads\/2023\/11\/met-burgel.pdf\">Emeutes urbaines et politique de la ville<\/a><\/em><\/strong>, <em><a href=\"https:\/\/metropolitiques.eu\/Emeutes-urbaines-et-politique-de-la-ville.html\">M\u00e9tropolitiques<\/a><\/em>, 30.10.2023 par Guy Burgel<\/p>\n<p><em><strong><a href=\"https:\/\/lgu.parisnanterre.fr\/wp-content\/uploads\/2021\/12\/Tribune-Guy-Burgel-Le-Monde-26-11-21.pdf\">A Paris, le nouveau plan local d\u2019urbanisme est un mod\u00e8le du genre \u00e0 ne pas suivre dans les \u00e9coles<\/a>,\u00a0<\/strong><a href=\"https:\/\/www.lemonde.fr\/idees\/article\/2021\/11\/25\/a-paris-le-nouveau-plan-local-d-urbanisme-est-un-modele-du-genre-a-ne-pas-suivre-dans-les-ecoles_6103512_3232.html#xtor=AL-32280270-[mail]-[ios]\">Le Monde<\/a><\/em>, 26.11.2021\u00a0par Guy BURGEL<\/p>\n<p><em><strong><a href=\"https:\/\/lgu.parisnanterre.fr\/wp-content\/uploads\/2020\/11\/Le-Monde-04-11-20-1.pdf\">Covid : surmortalit\u00e9 dans les quartiers populaires.<\/a><\/strong><\/em>\u00a0(la une) <em><strong><a href=\"https:\/\/lgu.parisnanterre.fr\/wp-content\/uploads\/2020\/11\/Le-Monde-04-1120-2.pdf\">En Ile-de-France, la fracture \u00e9pid\u00e9mique<\/a><\/strong><\/em>\u00a0(page 8), <em>Le Monde<\/em>, 4.11.2020 par\u00a0Guy BURGEL<\/p>\n<p><em><strong><a href=\"https:\/\/lgu.u-paris10.fr\/wp-content\/uploads\/2015\/11\/Grece-Nouvel-Obs-07-07-15.pdf\">Gr\u00e8ce : le non est un cri de dignit\u00e9 \u00e0 respecter. Les Grecs ne sont pas des irresponsables<\/a><\/strong><\/em>, <em>Le Nouvel Observateur<\/em>, 07.07.2015 par\u00a0Guy BURGEL<\/p>\n<p><em><strong><a href=\"https:\/\/lgu.u-paris10.fr\/wp-content\/uploads\/2015\/11\/24.06.2015-R\u00e9soudre-la-trag\u00e9die-grecque-demande-plus-qu\u2019une-transfusion-d\u2019euros.pdf\">R\u00e9soudre la trag\u00e9die grecque demande plus qu\u2019une\u00a0transfusion d\u2019euros<\/a><\/strong><\/em>, <em>Le Monde<\/em>, 24.06.2015 par\u00a0Guy BURGEL<\/p>\n<p><em><strong><a href=\"https:\/\/lgu.u-paris10.fr\/wp-content\/uploads\/2015\/11\/12.03.2015-Apartheid-urbain.pdf\">Apartheid urbain : repenser la ville dans sa globalit\u00e9<\/a><\/strong><\/em>, <em>Le Monde<\/em>, 12.03.2015 par Guy BURGEL<\/p>\n<p><em><strong><a href=\"https:\/\/lgu.u-paris10.fr\/wp-content\/uploads\/2015\/11\/27.01.2015-Gr\u00e8ce_-les-deux-enjeux-dune-victoire-_-Guy-Burgel.pdf\">Gr\u00e8ce: les deux enjeux d&rsquo;une victoire<\/a><\/strong><\/em>,\u00a0<em>Huffington Post<\/em>, 27.01.2015\u00a0par\u00a0Guy BURGEL<\/p>\n<p><em><strong><a href=\"https:\/\/lgu.u-paris10.fr\/wp-content\/uploads\/2015\/11\/08.08.2014-R\u00e9forme-territoriale-_-clart\u00e9-_-comp\u00e9titivit\u00e9-_-proximit\u00e9-_.pdf\">R\u00e9forme territoriale : clart\u00e9 ? comp\u00e9titivit\u00e9 ? proximit\u00e9 ?<\/a><\/strong><\/em>, <em>Le Monde<\/em>, 08.08.2014 par\u00a0Guy BURGEL<\/p>\n<p><em><strong> <a href=\"https:\/\/lgu.u-paris10.fr\/wp-content\/uploads\/2015\/11\/15.06.2014-Le-patrimoine-architectural_-pour-quelle-ville_-_-Guy-Burgel.pdf\">Le patrimoine architectural: pour quelle ville?<\/a><\/strong><\/em>, <em>Huffington Post<\/em>, 15.06.2014 par\u00a0Guy BURGEL<\/p>\n<p><em><strong> <a href=\"https:\/\/lgu.u-paris10.fr\/wp-content\/uploads\/2015\/11\/Hidalgo-maire-Nouvel-Obs02-04-14.pdf\">Hidalgo \u00e9lue maire de Paris : les d\u00e9fis\u00a0qu&rsquo;elle va devoir relever dans la capitale<\/a><\/strong><\/em>,\u00a0<em>Le Nouvel Observateur<\/em>, 02.04.2014\u00a0par\u00a0Guy BURGEL<\/p>\n<p><em><strong><a href=\"https:\/\/lgu.u-paris10.fr\/wp-content\/uploads\/2015\/11\/09.03.2012-Le-p\u00e9riurbain-nest-ni-de-droite-ni-de-gauche.pdf\">Le p\u00e9riurbain n&rsquo;est ni de droite, ni de gauche<\/a><\/strong><\/em>, <em>Le Monde<\/em>, 09.03.2012 par\u00a0Guy BURGEL<\/p>\n<p><em><strong><a class=\"stil4\" href=\"https:\/\/lgu.u-paris10.fr\/wp-content\/uploads\/2015\/11\/Juan.pdf\">Quelques r\u00e9flexions sur le rapport existant entre environnement, centralit\u00e9 et identit\u00e9 \u00e0 Rio de Janeiro<\/a>\u00a0<\/strong><\/em>par Juan Bautista OSORIO ALOR, Allocataire du Conseil R\u00e9gional d&rsquo;Ile-de-France<\/p>\n<p><span class=\"stil4\"><strong><a class=\"stil4\" href=\"https:\/\/lgu.u-paris10.fr\/wp-content\/uploads\/2015\/11\/villes-en-parallele.pdf\">Avant-propos de <em>La ville aujourd&rsquo;hui entre public et priv\u00e9<\/em>, no. 32-33-34 de la revue <em>Villes en parall\u00e8le<\/em>, Nanterre, 2001, p. 11-16<\/a>\u00a0<\/strong><\/span>par Guy BURGEL el collaboration avec Michel HERROU<\/p>\n<p><span class=\"stil4\"><strong><a class=\"stil4\" href=\"https:\/\/lgu.u-paris10.fr\/wp-content\/uploads\/2015\/11\/unite-et-pluralite.pdf\"><em>Unit\u00e9 et pluralit\u00e9 parisiennes: un d\u00e9fi \u00e0 relever<\/em>, in <em>Paris Project<\/em>, no. 34-35, 2003, p. 48-53<\/a>\u00a0<\/strong><\/span>par Guy BURGEL<\/p>\n<p><span class=\"stil4\"><strong><a class=\"stil4\" href=\"https:\/\/lgu.u-paris10.fr\/wp-content\/uploads\/2015\/11\/paris-et-idf.pdf\"><em>Paris et l&rsquo;Ile-de-France: un amour de raison<\/em>, in <em>Pouvoirs<\/em>, no. sp\u00e9cial sur Paris, 110, 2004, p. 47-59<\/a>\u00a0<\/strong><\/span>par Guy BURGEL<\/p>\n<p><span class=\"stil4\"><strong><a class=\"stil4\" href=\"https:\/\/lgu.u-paris10.fr\/wp-content\/uploads\/2015\/11\/nouvelles-centralites-athenes.pdf\"><em>Nouvelles centralit\u00e9s et d\u00e9veloppement spatial en question &#8211; R\u00e9gions urbaines et espace rural en France et en Gr\u00e8ce<\/em>, in <em>Nouvelles centralit\u00e9s et d\u00e9veloppement spatial<\/em>, Minas Angelidis ed., Universit\u00e9 Polytechnique d&rsquo;Ath\u00e8nes, 2004, p. 9-17 et p. 63-68<\/a>\u00a0<\/strong><\/span>par Guy BURGEL<\/p>\n<p><span class=\"stil4\"><strong><a class=\"stil4\" href=\"https:\/\/lgu.u-paris10.fr\/wp-content\/uploads\/2015\/11\/athenes-capitale-olympique.pdf\"><em>Ath\u00e8nes, capitale olympique<\/em>, in <em>Historiens et G\u00e9ographes<\/em>, no. 388, 2004, p. 343-362<\/a>\u00a0<\/strong><\/span>par Guy BURGEL<\/p>\n<p><strong><a class=\"stil4\" href=\"https:\/\/lgu.u-paris10.fr\/wp-content\/uploads\/2015\/11\/athenes-de-la-balkanisation.pdf\"><em>Ath\u00e8nes, de la balkanisation \u00e0 la mondialisation<\/em>, in <em>Mediterran\u00e9e<\/em>, 3.4.2004, p. 59-63<\/a>\u00a0<\/strong>par Guy BURGEL<\/p>\n<p><strong><a class=\"stil4\" href=\"https:\/\/lgu.u-paris10.fr\/wp-content\/uploads\/2015\/11\/leroux_1.pdf\"><em>La recomposition en \u00ab\u00a0pays\u00a0\u00bb de l\u2019espace Lille &#8211; Dunkerque, <\/em>in Scarwell H-J. et Franchomme M. (Coord.), 2004 \/ Contraintes environnementales et gouvernance des territoires \/ Editions de l&rsquo;Aube nord, p. 112-119<\/a><\/strong><b>\u00a0<\/b>par Xavier LEROUX (<a href=\"mailto:xavleroux@free.fr\">xavleroux@free.fr<\/a>), Doctorant en g\u00e9ographie<\/p>\n<\/div>\n","protected":false},"excerpt":{"rendered":"<p>Le renouvellement des quartiers populaires en mal d\u2019ancrage local, M\u00e9tropolitiques, 9 mars 2026 par Guy Burgel et R\u00e9mi Dormois Crises urbaines et alterm\u00e9tropolisations (Urban crises and altermetropolizations), Le Bulletin de l\u2019Association de g\u00e9ographes fran\u00e7ais, 2024 par Guy Burgel I Remarques &hellip;<\/p>\n<p class=\"read-more\"> <a class=\"more-link\" href=\"https:\/\/lgu.parisnanterre.fr\/?page_id=22\"> <span class=\"screen-reader-text\">Articles<\/span> Read More &raquo;<\/a><\/p>\n","protected":false},"author":3,"featured_media":0,"parent":0,"menu_order":50,"comment_status":"closed","ping_status":"closed","template":"","meta":{"footnotes":""},"class_list":["post-22","page","type-page","status-publish","hentry"],"_links":{"self":[{"href":"https:\/\/lgu.parisnanterre.fr\/index.php?rest_route=\/wp\/v2\/pages\/22","targetHints":{"allow":["GET"]}}],"collection":[{"href":"https:\/\/lgu.parisnanterre.fr\/index.php?rest_route=\/wp\/v2\/pages"}],"about":[{"href":"https:\/\/lgu.parisnanterre.fr\/index.php?rest_route=\/wp\/v2\/types\/page"}],"author":[{"embeddable":true,"href":"https:\/\/lgu.parisnanterre.fr\/index.php?rest_route=\/wp\/v2\/users\/3"}],"replies":[{"embeddable":true,"href":"https:\/\/lgu.parisnanterre.fr\/index.php?rest_route=%2Fwp%2Fv2%2Fcomments&post=22"}],"version-history":[{"count":21,"href":"https:\/\/lgu.parisnanterre.fr\/index.php?rest_route=\/wp\/v2\/pages\/22\/revisions"}],"predecessor-version":[{"id":620,"href":"https:\/\/lgu.parisnanterre.fr\/index.php?rest_route=\/wp\/v2\/pages\/22\/revisions\/620"}],"wp:attachment":[{"href":"https:\/\/lgu.parisnanterre.fr\/index.php?rest_route=%2Fwp%2Fv2%2Fmedia&parent=22"}],"curies":[{"name":"wp","href":"https:\/\/api.w.org\/{rel}","templated":true}]}}