{"id":11,"date":"2015-02-19T09:54:37","date_gmt":"2015-02-19T09:54:37","guid":{"rendered":"http:\/\/lgu.u-paris10.fr\/test\/?page_id=11"},"modified":"2026-03-22T16:21:21","modified_gmt":"2026-03-22T16:21:21","slug":"presentation","status":"publish","type":"page","link":"https:\/\/lgu.parisnanterre.fr\/?page_id=11","title":{"rendered":"Pr\u00e9sentation"},"content":{"rendered":"<div align=\"justify\">\n<ul>\n<li><strong> Pr\u00e9sentation du \u00ab\u00a0Laboratoire de G\u00e9ographie Urbaine\u00a0\u00bb<\/strong><\/li>\n<\/ul>\n<p>Fondateur : Guy BURGEL, professeur \u00e0 l&rsquo;Universit\u00e9 Paris Ouest Nanterre La D\u00e9fense (<a href=\"http:\/\/lgu.parisnanterre.fr\/wp-content\/uploads\/2026\/03\/CV-Guy-Burgel-01-26-bis.pdf\">CV et bibliographie<\/a>)<\/p>\n<p>T\u00e9l\u00e9phone : + 33 (0) 6 07 35 65 62<\/p>\n<p>E-mail : \u00a0 <a href=\"mailto:burgel.guy@gmail.com\">burgel.guy@gmail.com<\/a><\/p>\n<p>Depuis sa cr\u00e9ation en 1976, le \u00ab\u00a0Laboratoire de G\u00e9ographie Urbaine\u00a0\u00bb a fond\u00e9 sa probl\u00e9matique sur la comparaison des m\u00e9canismes de l\u2019urbanisation contemporaine\u00a0: in\u00e9galit\u00e9 des niveaux de d\u00e9veloppement \u00e9conomique, importance des cultures nationales et r\u00e9gionales, r\u00f4le des politiques publiques. La mondialisation renforce, notamment pour les plus grandes m\u00e9tropoles, cette position heuristique\u00a0: les logiques s\u2019unifient (comp\u00e9tition, image et identit\u00e9 de la ville), mais les r\u00e9ponses se diff\u00e9rencient. C&rsquo;est cette probl\u00e9matique unique de comparatisme et de pluridisciplinarit\u00e9 qui anime toutes les activit\u00e9s du \u00ab\u00a0Laboratoire de G\u00e9ographie Urbaine\u00a0\u00bb : recherche, formation doctorale, documentation, \u00e9dition.<\/p>\n<p><strong> II. Formation doctorale<\/strong><\/p>\n<p>La formation doctorale \u00ab\u00a0<em> Ville et Soci\u00e9t\u00e9<\/em> \u00a0\u00bb fut longtemps \u00e0 mettre \u00e0 l\u2019actif r\u00e9ciproque du Laboratoire et de l\u2019action p\u00e9dagogique pour le perfectionnement de jeunes chercheurs dans le domaine des \u00e9tudes urbaines. La formation \u00ab\u00a0<em> Ville et Soci\u00e9t\u00e9<\/em> \u00a0\u00bb, rattach\u00e9e \u00e0 l\u2019Ecole doctorale \u00ab\u00a0\u0112conomie, Organisations et Soci\u00e9t\u00e9\u00a0\u00bb, \u00e9tait\u00a0une formation pluridisciplinaire, regroupant autour du \u00ab\u00a0Laboratoire de G\u00e9ographie Urbaine\u00a0\u00bb : g\u00e9ographes, historiens, \u00e9conomistes, sociologues, psychologues, juristes, architectes appartenant \u00e0 l\u2019Universit\u00e9 de Paris X, au CNRS, et \u00e0 trois \u00e9coles d\u2019architecture parisiennes (\u0112cole de Paris-La Villette, Ecole de Paris-Malaquais, Ecole de Paris Val-de-Seine).<\/p>\n<p>L\u2019attractivit\u00e9 de cette formation est attest\u00e9e par la soutenance de plusieurs dizaines de doctorats (fichier en cours de constitution), dont les titulaires occupent actuellement des postes de responsabilit\u00e9 dans les collectivit\u00e9s territoriales ou d\u2019enseignement dans des Universit\u00e9s fran\u00e7aises et \u00e9trang\u00e8res (Europe, Asie, Am\u00e9riques, Afrique).<\/p>\n<p>Depuis 2001, des s\u00e9minaires de doctorat permettent le suivi des doctorants: trois sessions sont ainsi organis\u00e9es au cours de l\u2019ann\u00e9e universitaire, s\u2019ordonnant autour d\u2019approches th\u00e9oriques et d\u2019expos\u00e9s m\u00e9thodologiques, regroup\u00e9s autour de trois probl\u00e9matiques prinicipales : fonctionnalit\u00e9 des villes, forme sociale et forme spatiale, gouvernance politique de la ville. L&rsquo;exp\u00e9rience s&rsquo;est poursuivie de 2005 \u00e0 2011 au CNAM (Conservatoire National des Arts et M\u00e9tiers), centr\u00e9e notamment sur la th\u00e9matique du Grand Paris. Depuis 2012, le s\u00e9minaire est accueilli \u00e0 l&rsquo;IAU-idf (Institut d&rsquo;Am\u00e9nagement et d&rsquo;Urbanisme de la R\u00e9gion Ile-de-France), associ\u00e9 depuis 2015 \u00e0 l&rsquo;Ecole Normale Sup\u00e9rieure.<\/p>\n<p><strong> III. Coop\u00e9rations internationales<\/strong><\/p>\n<p>Les relations bilat\u00e9rales \u00a0 entre le Laboratoire et un certain nombre d\u2019institutions universitaires \u00e9trang\u00e8res n&rsquo;ont cess\u00e9 de se d\u00e9velopper au fil des ann\u00e9es \u00a0 sous forme de conf\u00e9rences et de missions d\u2019enseignement, d\u2019accueil de stagiaires, et de pr\u00e9paration de publications communes. Les institutions concern\u00e9es sont :<\/p>\n<ul>\n<li><strong> En Alg\u00e9rie :<\/strong> \u00a0 Universit\u00e9 Houari Boum\u00e9dienne d\u2019Alger (Professeur Ali Hadjiedj), Universit\u00e9 de Constantine (Professeur Fatiha Benidir), Universit\u00e9 d\u2019Oum el Bouaghi (professeur Salah Bouchemal) ;<\/li>\n<\/ul>\n<ul>\n<li><strong> Aux \u00c9tats-Unis :<\/strong> \u00a0 Hunter College de New York (Professeur Victor Goldsmith) ; Woodrow Wilson Center de Washington (Professor Blair Rubble) ;<\/li>\n<\/ul>\n<ul>\n<li><strong> En Gr\u00e8ce :<\/strong> \u00a0 \u0112cole Polytechnique d\u2019Ath\u00e8nes (Professeur Minas Angelidis, Sophia Avguerinou, Nikos Belavilas), Universit\u00e9 Pantios (Professeur Zakharias Demathas) et Universit\u00e9 Aristote de Thessalonique (Professeurs Aghis Anastassiadis et Kyriaki Tsoukala), Universit\u00e9 de l\u2019\u00c9g\u00e9e (professeur Frangiskos Kalabasis), Universit\u00e9 de Drama (professeur Nicolas Spitalas)\u00a0;<\/li>\n<\/ul>\n<ul>\n<li><strong> En Iran :<\/strong> \u00a0 Facult\u00e9 des Sciences Sociales de l&rsquo;Universit\u00e9 de T\u00e9h\u00e9ran (Professeur Mahmoud Taleghani) ;<\/li>\n<\/ul>\n<ul>\n<li><strong> Au Portugal :<\/strong> \u00a0 Universit\u00e9 de Lisbonne (Professeur Jorge Gaspar) ;<\/li>\n<\/ul>\n<ul>\n<li><strong> En Russie :<\/strong> \u00a0 Institut de G\u00e9ographie de l\u2019Acad\u00e9mie des Sciences de Russie, Universit\u00e9 nouvelle de Moscou (Professeur Slava Shuper), et Institut du Patrimoine (Professeur Youri V\u00e9denine).<\/li>\n<\/ul>\n<p>Plus r\u00e9cemment, des projets ont \u00e9t\u00e9 \u00e9labor\u00e9s avec les Universit\u00e9s suivantes :<\/p>\n<ul>\n<li><strong> Au Gabon :<\/strong> \u00a0 Universit\u00e9 Omar Bongo (Professeur Jean-Claude Ndong Mba) ;<\/li>\n<\/ul>\n<ul>\n<li><strong> Au Br\u00e9sil :<\/strong> \u00a0 Universit\u00e9 F\u00e9d\u00e9rale de Rio (Professeurs Vainer et Axelrad);<\/li>\n<\/ul>\n<ul>\n<li><strong> En Argentine<\/strong> \u00a0 : Universit\u00e9 de Lanus-Buenos Aires (Professeur Pedro Sondereguer);<\/li>\n<\/ul>\n<ul>\n<li><strong> Au Mexique<\/strong> \u00a0 : Universit\u00e9 Autonome M\u00e9tropolitaine de Mexico (Professeur Carmen Bernardez).<\/li>\n<\/ul>\n<p>Les accords de coop\u00e9ration concernent l\u00e0 encore aussi bien des actions de formation, d\u2019\u00e9changes d&rsquo;enseignants et de chercheurs, d\u2019analyses de cas, que de publications communes notamment par le biais de num\u00e9ros sp\u00e9ciaux de la collection \u00a0<em>Villes en Parall\u00e8le <\/em>(<a href=\"https:\/\/lgu.u-paris10.fr\/wp-content\/uploads\/2015\/11\/VEP-catalogue-09-15.pdf\">voir catalogue des n\u00b0 disponibles<\/a>, <a href=\"https:\/\/lgu.u-paris10.fr\/wp-content\/uploads\/2015\/11\/VEP-47-48.pdf\">voir n\u00b0 47-48<\/a>)<em>.<\/em>\u00a0Ils t\u00e9moignent d\u2019un rayonnement incontestable de la\u00a0structure.<\/p>\n<\/div>\n","protected":false},"excerpt":{"rendered":"<p>Pr\u00e9sentation du \u00ab\u00a0Laboratoire de G\u00e9ographie Urbaine\u00a0\u00bb Fondateur : Guy BURGEL, professeur \u00e0 l&rsquo;Universit\u00e9 Paris Ouest Nanterre La D\u00e9fense (CV et bibliographie) T\u00e9l\u00e9phone : + 33 (0) 6 07 35 65 62 E-mail : \u00a0 burgel.guy@gmail.com Depuis sa cr\u00e9ation en 1976, &hellip;<\/p>\n<p class=\"read-more\"> <a class=\"more-link\" href=\"https:\/\/lgu.parisnanterre.fr\/?page_id=11\"> <span class=\"screen-reader-text\">Pr\u00e9sentation<\/span> Read More &raquo;<\/a><\/p>\n","protected":false},"author":3,"featured_media":0,"parent":0,"menu_order":0,"comment_status":"closed","ping_status":"closed","template":"","meta":{"footnotes":""},"class_list":["post-11","page","type-page","status-publish","hentry"],"_links":{"self":[{"href":"https:\/\/lgu.parisnanterre.fr\/index.php?rest_route=\/wp\/v2\/pages\/11","targetHints":{"allow":["GET"]}}],"collection":[{"href":"https:\/\/lgu.parisnanterre.fr\/index.php?rest_route=\/wp\/v2\/pages"}],"about":[{"href":"https:\/\/lgu.parisnanterre.fr\/index.php?rest_route=\/wp\/v2\/types\/page"}],"author":[{"embeddable":true,"href":"https:\/\/lgu.parisnanterre.fr\/index.php?rest_route=\/wp\/v2\/users\/3"}],"replies":[{"embeddable":true,"href":"https:\/\/lgu.parisnanterre.fr\/index.php?rest_route=%2Fwp%2Fv2%2Fcomments&post=11"}],"version-history":[{"count":8,"href":"https:\/\/lgu.parisnanterre.fr\/index.php?rest_route=\/wp\/v2\/pages\/11\/revisions"}],"predecessor-version":[{"id":615,"href":"https:\/\/lgu.parisnanterre.fr\/index.php?rest_route=\/wp\/v2\/pages\/11\/revisions\/615"}],"wp:attachment":[{"href":"https:\/\/lgu.parisnanterre.fr\/index.php?rest_route=%2Fwp%2Fv2%2Fmedia&parent=11"}],"curies":[{"name":"wp","href":"https:\/\/api.w.org\/{rel}","templated":true}]}}